{"id":33,"date":"2018-07-25T14:44:01","date_gmt":"2018-07-25T12:44:01","guid":{"rendered":"http:\/\/champterroir.fr\/?page_id=33"},"modified":"2018-07-30T15:56:05","modified_gmt":"2018-07-30T13:56:05","slug":"mentions-legales-2","status":"publish","type":"page","link":"https:\/\/champterroir.fr\/?page_id=33","title":{"rendered":"Mentions l\u00e9gales"},"content":{"rendered":"<div class=\"wpb-content-wrapper\"><p>[vc_row css_animation=\u00a0\u00bb\u00a0\u00bb row_type=\u00a0\u00bbrow\u00a0\u00bb use_row_as_full_screen_section=\u00a0\u00bbno\u00a0\u00bb type=\u00a0\u00bbfull_width\u00a0\u00bb angled_section=\u00a0\u00bbno\u00a0\u00bb text_align=\u00a0\u00bbleft\u00a0\u00bb background_image_as_pattern=\u00a0\u00bbwithout_pattern\u00a0\u00bb][vc_column][vc_column_text]<\/p>\n<h3><strong>Vous \u00eates sur le site officiel de l&rsquo;association CHAMPTERROIR<\/strong><\/h3>\n<p>www.champterroir.fr \/ www.foire-aux-santons-de-champtercier.fr<\/p>\n<p>04660 Champtercier &#8211; Siret 35057739100013<\/p>\n<p>&nbsp;<\/p>\n<h3><strong>Directeur de publication<\/strong><\/h3>\n<p>Raynald SULPICE<\/p>\n<p>&nbsp;<\/p>\n<h3><strong>Conception et gestion de l&rsquo;h\u00e9bergement<\/strong><\/h3>\n<p><a href=\"http:\/\/www.akodami.com\" target=\"_blank\" rel=\"noopener\">Agence AKODAMI<\/a><\/p>\n<p>&nbsp;<\/p>\n<h3><strong>Textes &amp; Photos<\/strong><\/h3>\n<p>Tous droits r\u00e9serv\u00e9s &#8211; Reproduction interdite<\/p>\n<p>&nbsp;<\/p>\n<h3><strong>Cr\u00e9dit photos<br \/>\n<\/strong><\/h3>\n<p>UNESCO G\u00e9oparc de Haute-Provence (cr\u00e8che-homepage, pages pr\u00e9sentation de la foire et programme 2018 )<\/p>\n<p>Akodami (Champtercier-homepage)<\/p>\n<p>Fran\u00e7oise Denoyer (lavande-contact)<\/p>\n<p><strong>Galerie photo santons \/ foire aux santons<\/strong><br \/>\nChampterroir \/ Patrick Allix &#8211; Pigment noir<\/p>\n<p><strong>Galerie photo atelier peinture<\/strong><br \/>\nChampterroir[\/vc_column_text][vc_empty_space][\/vc_column][\/vc_row][vc_row css_animation=\u00a0\u00bb\u00a0\u00bb row_type=\u00a0\u00bbrow\u00a0\u00bb use_row_as_full_screen_section=\u00a0\u00bbno\u00a0\u00bb type=\u00a0\u00bbfull_width\u00a0\u00bb angled_section=\u00a0\u00bbno\u00a0\u00bb text_align=\u00a0\u00bbleft\u00a0\u00bb background_image_as_pattern=\u00a0\u00bbwithout_pattern\u00a0\u00bb][vc_column][vc_separator type=\u00a0\u00bbnormal\u00a0\u00bb thickness=\u00a0\u00bb3&Prime;][vc_column_text]<strong><a href=\"http:\/\/champterroir.fr\/?page_id=3\">Politique de confidentialit\u00e9<\/a><\/strong>[\/vc_column_text][vc_empty_space][\/vc_column][\/vc_row]<\/p>\n<\/div>","protected":false},"excerpt":{"rendered":"<p>[vc_row css_animation=\u00a0\u00bb\u00a0\u00bb row_type=\u00a0\u00bbrow\u00a0\u00bb use_row_as_full_screen_section=\u00a0\u00bbno\u00a0\u00bb type=\u00a0\u00bbfull_width\u00a0\u00bb angled_section=\u00a0\u00bbno\u00a0\u00bb text_align=\u00a0\u00bbleft\u00a0\u00bb background_image_as_pattern=\u00a0\u00bbwithout_pattern\u00a0\u00bb][vc_column][vc_column_text] Vous \u00eates sur le site officiel de l&rsquo;association CHAMPTERROIR www.champterroir.fr \/ www.foire-aux-santons-de-champtercier.fr 04660 Champtercier &#8211; Siret 35057739100013 &nbsp; Directeur de publication Raynald SULPICE &nbsp; Conception et gestion de l&rsquo;h\u00e9bergement Agence AKODAMI &nbsp; Textes &amp; Photos Tous droits&#8230;<\/p>\n","protected":false},"author":1,"featured_media":0,"parent":0,"menu_order":0,"comment_status":"closed","ping_status":"closed","template":"","meta":{"footnotes":""},"_links":{"self":[{"href":"https:\/\/champterroir.fr\/index.php?rest_route=\/wp\/v2\/pages\/33"}],"collection":[{"href":"https:\/\/champterroir.fr\/index.php?rest_route=\/wp\/v2\/pages"}],"about":[{"href":"https:\/\/champterroir.fr\/index.php?rest_route=\/wp\/v2\/types\/page"}],"author":[{"embeddable":true,"href":"https:\/\/champterroir.fr\/index.php?rest_route=\/wp\/v2\/users\/1"}],"replies":[{"embeddable":true,"href":"https:\/\/champterroir.fr\/index.php?rest_route=%2Fwp%2Fv2%2Fcomments&post=33"}],"version-history":[{"count":9,"href":"https:\/\/champterroir.fr\/index.php?rest_route=\/wp\/v2\/pages\/33\/revisions"}],"predecessor-version":[{"id":394,"href":"https:\/\/champterroir.fr\/index.php?rest_route=\/wp\/v2\/pages\/33\/revisions\/394"}],"wp:attachment":[{"href":"https:\/\/champterroir.fr\/index.php?rest_route=%2Fwp%2Fv2%2Fmedia&parent=33"}],"curies":[{"name":"wp","href":"https:\/\/api.w.org\/{rel}","templated":true}]}}