{"id":3,"date":"2018-07-24T18:17:25","date_gmt":"2018-07-24T16:17:25","guid":{"rendered":"http:\/\/champterroir.fr\/?page_id=3"},"modified":"2024-01-25T16:31:43","modified_gmt":"2024-01-25T15:31:43","slug":"politique-de-confidentialite","status":"publish","type":"page","link":"https:\/\/champterroir.fr\/?page_id=3","title":{"rendered":"Politique de confidentialit\u00e9"},"content":{"rendered":"<div class=\"wpb-content-wrapper\"><p>[vc_row css_animation=\u00a0\u00bb\u00a0\u00bb row_type=\u00a0\u00bbrow\u00a0\u00bb use_row_as_full_screen_section=\u00a0\u00bbno\u00a0\u00bb type=\u00a0\u00bbfull_width\u00a0\u00bb angled_section=\u00a0\u00bbno\u00a0\u00bb text_align=\u00a0\u00bbleft\u00a0\u00bb background_image_as_pattern=\u00a0\u00bbwithout_pattern\u00a0\u00bb][vc_column][vc_column_text]<strong>Qui sommes-nous\u00a0?<\/strong><\/p>\n<p>Les adresses de notre site internet sont : www.champterroir.fr \/ www.foire-aux-santons-de-champtercier.fr<\/p>\n<p>Les mentions l\u00e9gales sont disponibles sur <a href=\"http:\/\/champterroir.fr\/?page_id=33\">cette page.<\/a><\/p>\n<p>&nbsp;<\/p>\n<p><strong>Utilisation des donn\u00e9es personnelles collect\u00e9es<\/strong><\/p>\n<p><em>Formulaire de contact<\/em><\/p>\n<p>Les soumissions peuvent \u00eatre conserv\u00e9es 10 ans suivant la n\u00e9cessit\u00e9 et la pertinence de la correspondance.<\/p>\n<p>&nbsp;<\/p>\n<p><strong>Cookies<\/strong><br \/>\nCe site utilise le minimum de cookies n\u00e9cessaire \u00e0 son bon fonctionnement et \u00e0 des fins statistiques. En naviguant sur ce site, vous acceptez l\u2019utilisation de ces cookies.<\/p>\n<p>&nbsp;<\/p>\n<p><strong>Contenu embarqu\u00e9 depuis d\u2019autres sites<\/strong><\/p>\n<p>Les articles de ce site peuvent inclure des contenus int\u00e9gr\u00e9s (par exemple des vid\u00e9os, images, articles\u2026). Le contenu int\u00e9gr\u00e9 depuis d\u2019autres sites se comporte de la m\u00eame mani\u00e8re que si le visiteur se rendait sur cet autre site.<\/p>\n<p>Ces sites web pourraient collecter des donn\u00e9es sur vous, utiliser des cookies, embarquer des outils de suivis tiers, suivre vos interactions avec ces contenus embarqu\u00e9s si vous disposez d\u2019un compte connect\u00e9 sur leur site web.<\/p>\n<p>&nbsp;<\/p>\n<p><strong>Liens externes<\/strong><\/p>\n<p>Certains liens peuvent renvoyer vers des sites externes \u00e0 titre informatif. Nous ne pouvons \u00eatre tenus pour responsable du contenu des ces sites externes ou de leur changement \u00e9ditorial. En cas de contenu vous semblant offensant, inappropri\u00e9\u00a0 ou inexacte, merci de nous en informer via le <a href=\"http:\/\/champterroir.fr\/?page_id=22\">formulaire de contact<\/a> afin que nous prenions les mesures n\u00e9cessaires apr\u00e8s analyse.<\/p>\n<p>&nbsp;<\/p>\n<p><strong>Statistiques et mesures d\u2019audience<\/strong><\/p>\n<p>Des donn\u00e9es anonymes peuvent \u00eatre enregistr\u00e9es lors de votre visite afin de d\u00e9terminer des statistique de fr\u00e9quentation du site.<\/p>\n<p>&nbsp;<\/p>\n<p><strong>Utilisation et transmission de vos donn\u00e9es personnelles<\/strong><\/p>\n<p>Les donn\u00e9es recueillies ne sont pas utilis\u00e9es \u00e0 des fins commerciales ou transmises \u00e0 des tiers.<\/p>\n<p>&nbsp;<\/p>\n<p><strong>Les droits que vous avez sur vos donn\u00e9es<\/strong><\/p>\n<p>Vous pouvez demander la suppression des soumissions envoy\u00e9es via le formulaire de contact.<\/p>\n<p>&nbsp;<\/p>\n<p><strong>Informations de contact<\/strong><\/p>\n<p>Vous trouverez nos coordonn\u00e9es sur <a href=\"http:\/\/champterroir.fr\/?page_id=22\">cette page.<\/a>[\/vc_column_text][vc_empty_space][\/vc_column][\/vc_row]<\/p>\n<\/div>","protected":false},"excerpt":{"rendered":"<p>[vc_row css_animation=\u00a0\u00bb\u00a0\u00bb row_type=\u00a0\u00bbrow\u00a0\u00bb use_row_as_full_screen_section=\u00a0\u00bbno\u00a0\u00bb type=\u00a0\u00bbfull_width\u00a0\u00bb angled_section=\u00a0\u00bbno\u00a0\u00bb text_align=\u00a0\u00bbleft\u00a0\u00bb background_image_as_pattern=\u00a0\u00bbwithout_pattern\u00a0\u00bb][vc_column][vc_column_text]Qui sommes-nous\u00a0? Les adresses de notre site internet sont : www.champterroir.fr \/ www.foire-aux-santons-de-champtercier.fr Les mentions l\u00e9gales sont disponibles sur cette page. &nbsp; Utilisation des donn\u00e9es personnelles collect\u00e9es Formulaire de contact Les soumissions peuvent \u00eatre conserv\u00e9es 10 ans suivant&#8230;<\/p>\n","protected":false},"author":1,"featured_media":0,"parent":0,"menu_order":0,"comment_status":"closed","ping_status":"open","template":"","meta":{"footnotes":""},"_links":{"self":[{"href":"https:\/\/champterroir.fr\/index.php?rest_route=\/wp\/v2\/pages\/3"}],"collection":[{"href":"https:\/\/champterroir.fr\/index.php?rest_route=\/wp\/v2\/pages"}],"about":[{"href":"https:\/\/champterroir.fr\/index.php?rest_route=\/wp\/v2\/types\/page"}],"author":[{"embeddable":true,"href":"https:\/\/champterroir.fr\/index.php?rest_route=\/wp\/v2\/users\/1"}],"replies":[{"embeddable":true,"href":"https:\/\/champterroir.fr\/index.php?rest_route=%2Fwp%2Fv2%2Fcomments&post=3"}],"version-history":[{"count":11,"href":"https:\/\/champterroir.fr\/index.php?rest_route=\/wp\/v2\/pages\/3\/revisions"}],"predecessor-version":[{"id":1523,"href":"https:\/\/champterroir.fr\/index.php?rest_route=\/wp\/v2\/pages\/3\/revisions\/1523"}],"wp:attachment":[{"href":"https:\/\/champterroir.fr\/index.php?rest_route=%2Fwp%2Fv2%2Fmedia&parent=3"}],"curies":[{"name":"wp","href":"https:\/\/api.w.org\/{rel}","templated":true}]}}