{"id":27,"date":"2018-07-25T14:40:58","date_gmt":"2018-07-25T12:40:58","guid":{"rendered":"http:\/\/champterroir.fr\/?page_id=27"},"modified":"2018-07-30T13:39:33","modified_gmt":"2018-07-30T11:39:33","slug":"presentation","status":"publish","type":"page","link":"https:\/\/champterroir.fr\/?page_id=27","title":{"rendered":"Pr\u00e9sentation"},"content":{"rendered":"<div class=\"wpb-content-wrapper\"><p>[vc_row css_animation=\u00a0\u00bb\u00a0\u00bb row_type=\u00a0\u00bbrow\u00a0\u00bb use_row_as_full_screen_section=\u00a0\u00bbno\u00a0\u00bb type=\u00a0\u00bbfull_width\u00a0\u00bb angled_section=\u00a0\u00bbno\u00a0\u00bb text_align=\u00a0\u00bbleft\u00a0\u00bb background_image_as_pattern=\u00a0\u00bbwithout_pattern\u00a0\u00bb][vc_column][vc_empty_space height=\u00a0\u00bb60px\u00a0\u00bb][vc_column_text]<\/p>\n<h2><strong>La foire aux santons de Champtercier (04) est organis\u00e9e depuis 1983 par une \u00e9quipe de b\u00e9n\u00e9voles r\u00e9unis au sein de <a href=\"http:\/\/champterroir.fr\/?page_id=31\">l&rsquo;association Champterroir.<\/a><\/strong><\/h2>\n<p>&nbsp;<\/p>\n<p>Elle se d\u00e9roule traditionnellement de fin novembre \u00e0 d\u00e9but d\u00e9cembre, et accueille chaque ann\u00e9es de nombreux exposants professionnels, tout en proposant \u00e9galement diverses animations. <strong>L&rsquo;entr\u00e9e est gratuite,<\/strong> et chacun pourra venir appr\u00e9cier le travail des santonniers, trouver des id\u00e9es cadeaux et acheter de quoi r\u00e9aliser une belle cr\u00e8che proven\u00e7ale traditionnelle !<\/p>\n<p>&nbsp;<\/p>\n<p><strong>Nous vous attendons avec impatience, soyez bienvenus \u00e0 la prochaine foire aux santons de Champtercier !<\/strong>[\/vc_column_text][vc_empty_space height=\u00a0\u00bb60px\u00a0\u00bb][\/vc_column][\/vc_row][vc_row css_animation=\u00a0\u00bb\u00a0\u00bb row_type=\u00a0\u00bbrow\u00a0\u00bb use_row_as_full_screen_section=\u00a0\u00bbno\u00a0\u00bb type=\u00a0\u00bbfull_width\u00a0\u00bb anchor=\u00a0\u00bbpresentation\u00a0\u00bb angled_section=\u00a0\u00bbno\u00a0\u00bb text_align=\u00a0\u00bbcenter\u00a0\u00bb background_image_as_pattern=\u00a0\u00bbwithout_pattern\u00a0\u00bb z_index=\u00a0\u00bb\u00a0\u00bb][vc_column width=\u00a0\u00bb1\/3&Prime;]<a  itemprop=\"url\" href=\"\/?page_id=8\" target=\"_self\"  class=\"qbutton  default\" style=\"\">D\u00e9couvrir le programme<\/a>[vc_empty_space][\/vc_column][vc_column width=\u00a0\u00bb1\/3&Prime;]<a  itemprop=\"url\" href=\"\/?page_id=60\" target=\"_self\"  class=\"qbutton  default\" style=\"\">Venir \u00e0 la foire<\/a>[vc_empty_space][\/vc_column][vc_column width=\u00a0\u00bb1\/3&Prime;]<a  itemprop=\"url\" href=\"\/?page_id=12\" target=\"_self\"  class=\"qbutton  default\" style=\"\">Comment exposer ?<\/a>[vc_empty_space height=\u00a0\u00bb60px\u00a0\u00bb][\/vc_column][\/vc_row]<\/p>\n<\/div>","protected":false},"excerpt":{"rendered":"<p>[vc_row css_animation=\u00a0\u00bb\u00a0\u00bb row_type=\u00a0\u00bbrow\u00a0\u00bb use_row_as_full_screen_section=\u00a0\u00bbno\u00a0\u00bb type=\u00a0\u00bbfull_width\u00a0\u00bb angled_section=\u00a0\u00bbno\u00a0\u00bb text_align=\u00a0\u00bbleft\u00a0\u00bb background_image_as_pattern=\u00a0\u00bbwithout_pattern\u00a0\u00bb][vc_column][vc_empty_space height=\u00a0\u00bb60px\u00a0\u00bb][vc_column_text] La foire aux santons de Champtercier (04) est organis\u00e9e depuis 1983 par une \u00e9quipe de b\u00e9n\u00e9voles r\u00e9unis au sein de l&rsquo;association Champterroir. &nbsp; Elle se d\u00e9roule traditionnellement de fin novembre \u00e0 d\u00e9but d\u00e9cembre, et accueille chaque&#8230;<\/p>\n","protected":false},"author":1,"featured_media":0,"parent":319,"menu_order":0,"comment_status":"closed","ping_status":"closed","template":"blog-small-image.php","meta":{"footnotes":""},"_links":{"self":[{"href":"https:\/\/champterroir.fr\/index.php?rest_route=\/wp\/v2\/pages\/27"}],"collection":[{"href":"https:\/\/champterroir.fr\/index.php?rest_route=\/wp\/v2\/pages"}],"about":[{"href":"https:\/\/champterroir.fr\/index.php?rest_route=\/wp\/v2\/types\/page"}],"author":[{"embeddable":true,"href":"https:\/\/champterroir.fr\/index.php?rest_route=\/wp\/v2\/users\/1"}],"replies":[{"embeddable":true,"href":"https:\/\/champterroir.fr\/index.php?rest_route=%2Fwp%2Fv2%2Fcomments&post=27"}],"version-history":[{"count":23,"href":"https:\/\/champterroir.fr\/index.php?rest_route=\/wp\/v2\/pages\/27\/revisions"}],"predecessor-version":[{"id":375,"href":"https:\/\/champterroir.fr\/index.php?rest_route=\/wp\/v2\/pages\/27\/revisions\/375"}],"up":[{"embeddable":true,"href":"https:\/\/champterroir.fr\/index.php?rest_route=\/wp\/v2\/pages\/319"}],"wp:attachment":[{"href":"https:\/\/champterroir.fr\/index.php?rest_route=%2Fwp%2Fv2%2Fmedia&parent=27"}],"curies":[{"name":"wp","href":"https:\/\/api.w.org\/{rel}","templated":true}]}}