{"id":2,"date":"2018-07-24T18:17:25","date_gmt":"2018-07-24T16:17:25","guid":{"rendered":"http:\/\/champterroir.fr\/?page_id=2"},"modified":"2019-10-24T15:05:10","modified_gmt":"2019-10-24T13:05:10","slug":"accueil-champterroir","status":"publish","type":"page","link":"https:\/\/champterroir.fr\/","title":{"rendered":"Accueil Champterroir"},"content":{"rendered":"<div class=\"wpb-content-wrapper\"><p>[vc_row css_animation=\u00a0\u00bb\u00a0\u00bb row_type=\u00a0\u00bbrow\u00a0\u00bb use_row_as_full_screen_section=\u00a0\u00bbno\u00a0\u00bb type=\u00a0\u00bbfull_width\u00a0\u00bb anchor=\u00a0\u00bbhome\u00a0\u00bb angled_section=\u00a0\u00bbno\u00a0\u00bb text_align=\u00a0\u00bbleft\u00a0\u00bb background_image_as_pattern=\u00a0\u00bbwithout_pattern\u00a0\u00bb z_index=\u00a0\u00bb\u00a0\u00bb][vc_column][vc_empty_space][vc_column_text]<\/p>\n<h2>L&rsquo;association Champterroir vous souhaite bienvenue<br \/>\nsur son nouveau site internet !<\/h2>\n<p>&nbsp;<\/p>\n<p>\u00c0 Champtercier, pr\u00e8s de Digne-les-Bains en Haute-Provence, nous avons \u00e0 c\u0153ur <a href=\"http:\/\/champterroir.fr\/?page_id=31\"><strong>depuis 1982<\/strong><\/a> d&rsquo;organiser des activit\u00e9s culturelles et de promouvoir les traditions proven\u00e7ales. Comme avec la fameuse <strong><a href=\"http:\/\/champterroir.fr\/?page_id=8\">foire aux santons de Champtercier<\/a><\/strong> en novembre<strong><a href=\"http:\/\/champterroir.fr\/?page_id=8\">,<\/a><\/strong> mais \u00e9galement par d&rsquo;autres activit\u00e9s tout au long de l&rsquo;ann\u00e9e comme un <strong><a href=\"http:\/\/champterroir.fr\/?page_id=10\">atelier de peintures.<\/a><\/strong>[\/vc_column_text][vc_empty_space]<a  itemprop=\"url\" href=\"\/?page_id=31\" target=\"_self\"  class=\"qbutton  left default\" style=\"\">En savoir plus sur Champterroir<\/a>[vc_empty_space height=\u00a0\u00bb60px\u00a0\u00bb][\/vc_column][\/vc_row][vc_row css_animation=\u00a0\u00bb\u00a0\u00bb row_type=\u00a0\u00bbrow\u00a0\u00bb use_row_as_full_screen_section=\u00a0\u00bbno\u00a0\u00bb type=\u00a0\u00bbfull_width\u00a0\u00bb angled_section=\u00a0\u00bbno\u00a0\u00bb text_align=\u00a0\u00bbleft\u00a0\u00bb background_image_as_pattern=\u00a0\u00bbwithout_pattern\u00a0\u00bb][vc_column width=\u00a0\u00bb2\/3&Prime;][vc_single_image image=\u00a0\u00bb194&Prime; img_size=\u00a0\u00bbfull\u00a0\u00bb onclick=\u00a0\u00bbcustom_link\u00a0\u00bb qode_css_animation=\u00a0\u00bb\u00a0\u00bb link=\u00a0\u00bb\/?page_id=8&Prime;]<div class=\"call_to_action normal\" style=\"background-color: #7d6eaf;padding-top: 25px;padding-bottom: 25px;\"><div class=\"container_inner\"><div class=\"two_columns_75_25 clearfix\"><div class=\"text_wrapper column1\"><div class=\"call_to_action_text \" style=\"\">\n<h6>FOIRE AUX SANTONS DE CHAMPTERCIER<\/h6>\n<\/div><\/div><div class=\"button_wrapper column2\"><a itemprop=\"url\" href=\"\/?page_id=8\" class=\"qbutton white \" target=\"_self\" style=\"\" >Le Programme<\/a><\/div><\/div><\/div><\/div>[vc_empty_space height=\u00a0\u00bb50px\u00a0\u00bb][\/vc_column][vc_column width=\u00a0\u00bb1\/3&Prime;][vc_single_image image=\u00a0\u00bb205&Prime; img_size=\u00a0\u00bbfull\u00a0\u00bb onclick=\u00a0\u00bbcustom_link\u00a0\u00bb qode_css_animation=\u00a0\u00bb\u00a0\u00bb link=\u00a0\u00bb\/?page_id=10&Prime;]<div class=\"call_to_action normal\" style=\"background-color: #dd9933;padding-top: 25px;padding-bottom: 25px;\"><div class=\"container_inner\"><div class=\"text_wrapper \"><div class=\"call_to_action_text \" style=\"\">\n<h6><a href=\"\/?page_id=10\"><span style=\"color: #ffffff;\">ATELIER PEINTURE<\/span><\/a><\/h6>\n<\/div><\/div><\/div><\/div>[vc_empty_space height=\u00a0\u00bb50px\u00a0\u00bb]<div class=\"call_to_action normal\" style=\"background-color: #60a274;padding-top: 25px;padding-bottom: 25px;\"><div class=\"container_inner\"><div class=\"text_wrapper \"><div class=\"call_to_action_text \" style=\"\">\n<h6><a href=\"http:\/\/champterroir.fr\/?page_id=6\"><span style=\"color: #ffffff;\">TOUTES LES ACTUALIT\u00c9S<\/span><\/a><\/h6>\n<\/div><\/div><\/div><\/div>[\/vc_column][\/vc_row][vc_row css_animation=\u00a0\u00bb\u00a0\u00bb row_type=\u00a0\u00bbrow\u00a0\u00bb use_row_as_full_screen_section=\u00a0\u00bbno\u00a0\u00bb type=\u00a0\u00bbfull_width\u00a0\u00bb angled_section=\u00a0\u00bbno\u00a0\u00bb text_align=\u00a0\u00bbleft\u00a0\u00bb background_image_as_pattern=\u00a0\u00bbwithout_pattern\u00a0\u00bb][vc_column][vc_empty_space height=\u00a0\u00bb80px\u00a0\u00bb][\/vc_column][\/vc_row]<\/p>\n<\/div>","protected":false},"excerpt":{"rendered":"<p>[vc_row css_animation=\u00a0\u00bb\u00a0\u00bb row_type=\u00a0\u00bbrow\u00a0\u00bb use_row_as_full_screen_section=\u00a0\u00bbno\u00a0\u00bb type=\u00a0\u00bbfull_width\u00a0\u00bb anchor=\u00a0\u00bbhome\u00a0\u00bb angled_section=\u00a0\u00bbno\u00a0\u00bb text_align=\u00a0\u00bbleft\u00a0\u00bb background_image_as_pattern=\u00a0\u00bbwithout_pattern\u00a0\u00bb z_index=\u00a0\u00bb\u00a0\u00bb][vc_column][vc_empty_space][vc_column_text] L&rsquo;association Champterroir vous souhaite bienvenue sur son nouveau site internet ! &nbsp; \u00c0 Champtercier, pr\u00e8s de Digne-les-Bains en Haute-Provence, nous avons \u00e0 c\u0153ur depuis 1982 d&rsquo;organiser des activit\u00e9s culturelles et de promouvoir les traditions proven\u00e7ales&#8230;.<\/p>\n","protected":false},"author":1,"featured_media":0,"parent":0,"menu_order":0,"comment_status":"closed","ping_status":"closed","template":"","meta":{"footnotes":""},"_links":{"self":[{"href":"https:\/\/champterroir.fr\/index.php?rest_route=\/wp\/v2\/pages\/2"}],"collection":[{"href":"https:\/\/champterroir.fr\/index.php?rest_route=\/wp\/v2\/pages"}],"about":[{"href":"https:\/\/champterroir.fr\/index.php?rest_route=\/wp\/v2\/types\/page"}],"author":[{"embeddable":true,"href":"https:\/\/champterroir.fr\/index.php?rest_route=\/wp\/v2\/users\/1"}],"replies":[{"embeddable":true,"href":"https:\/\/champterroir.fr\/index.php?rest_route=%2Fwp%2Fv2%2Fcomments&post=2"}],"version-history":[{"count":41,"href":"https:\/\/champterroir.fr\/index.php?rest_route=\/wp\/v2\/pages\/2\/revisions"}],"predecessor-version":[{"id":682,"href":"https:\/\/champterroir.fr\/index.php?rest_route=\/wp\/v2\/pages\/2\/revisions\/682"}],"wp:attachment":[{"href":"https:\/\/champterroir.fr\/index.php?rest_route=%2Fwp%2Fv2%2Fmedia&parent=2"}],"curies":[{"name":"wp","href":"https:\/\/api.w.org\/{rel}","templated":true}]}}