{"id":12,"date":"2018-07-25T14:36:56","date_gmt":"2018-07-25T12:36:56","guid":{"rendered":"http:\/\/champterroir.fr\/?page_id=12"},"modified":"2018-07-30T13:27:44","modified_gmt":"2018-07-30T11:27:44","slug":"comment-exposer","status":"publish","type":"page","link":"https:\/\/champterroir.fr\/?page_id=12","title":{"rendered":"Comment exposer ?"},"content":{"rendered":"<div class=\"wpb-content-wrapper\"><p>[vc_row css_animation=\u00a0\u00bb\u00a0\u00bb row_type=\u00a0\u00bbrow\u00a0\u00bb use_row_as_full_screen_section=\u00a0\u00bbno\u00a0\u00bb type=\u00a0\u00bbfull_width\u00a0\u00bb angled_section=\u00a0\u00bbno\u00a0\u00bb text_align=\u00a0\u00bbleft\u00a0\u00bb background_image_as_pattern=\u00a0\u00bbwithout_pattern\u00a0\u00bb][vc_column][vc_column_text]<\/p>\n<h3>L&rsquo;entr\u00e9e de la Foire aux Santons de Champtercier est libre et gratuite, les membres de l&rsquo;association Champterroir et son Pr\u00e9sident seront heureux de vous accueillir pour ces quelques jours de f\u00eate en Haut Pays Proven\u00e7al&#8230;<\/h3>\n<h3><\/h3>\n<p>&nbsp;<\/p>\n<h3><\/h3>\n<h3>Si vous \u00eates un professionnel du santon et que vous d\u00e9sirez exposer vos \u0153uvres, merci de bien vouloir prendre connaissance des conditions g\u00e9n\u00e9rales de participation ci-dessous. N&rsquo;h\u00e9sitez surtout pas \u00e0 <a href=\"http:\/\/champterroir.fr\/?page_id=22\">nous contacter<\/a> si vous avez d&rsquo;autres questions&#8230;<\/h3>\n<p>[\/vc_column_text][vc_empty_space][\/vc_column][\/vc_row][vc_row css_animation=\u00a0\u00bb\u00a0\u00bb row_type=\u00a0\u00bbrow\u00a0\u00bb use_row_as_full_screen_section=\u00a0\u00bbno\u00a0\u00bb type=\u00a0\u00bbfull_width\u00a0\u00bb angled_section=\u00a0\u00bbno\u00a0\u00bb text_align=\u00a0\u00bbleft\u00a0\u00bb background_image_as_pattern=\u00a0\u00bbwithout_pattern\u00a0\u00bb][vc_column][vc_empty_space][vc_column_text]<\/p>\n<h2>R\u00e8glement de la foire<\/h2>\n<p><em>Mis \u00e0 jour le 04 mars 2014<\/em><\/p>\n<p>&nbsp;<\/p>\n<p><strong>Article 1<\/strong><\/p>\n<p>La foire aux Santons\u00a0du Haut Pays Proven\u00e7al se tient chaque ann\u00e9e \u00e0 partir du dernier samedi du mois de novembre, elle dure neuf jours.<\/p>\n<p>Elle se tient dans la salle polyvalente Yann Sim\u00e9oni de Champtercier : contact au\u00a0 04 92 31 10 37.<\/p>\n<p>Monsieur Raynald Sulpice est\u00a0 Pr\u00e9sident de l&rsquo;association et responsable de la foire. T\u00e9l. 06 71 97 24 08 ou 04 92 32 41 01<\/p>\n<p>Vous pouvez <a href=\"http:\/\/champterroir.fr\/?page_id=22\">utiliser ici le formulaire de contact<\/a> pour nous \u00e9crire.<\/p>\n<p>&nbsp;<\/p>\n<p><strong>Article 2<\/strong><\/p>\n<p>Le nombre d&rsquo; exposants est limit\u00e9 \u00e0 19 santonniers.<\/p>\n<p>Les\u00a0 candidatures sont retenues par le bureau. Les artisans santonniers d\u00e9sirant participer \u00e0 la foire doivent faire parvenir \u00e0 l&rsquo; Association un ch\u00e8que de caution de 300 euros (trois cents euros) qui leur sera rendu en fin de foire ou imm\u00e9diatement si leur d\u00e9sistement intervient 30 jours avant le d\u00e9but de la foire (ch\u00e8que non encaiss\u00e9).<\/p>\n<p>&nbsp;<\/p>\n<p><strong>Article 3<\/strong><\/p>\n<p>L&rsquo; association organisatrice de la foire prend \u00e0 sa charge les frais :<\/p>\n<ul>\n<li>d&rsquo;assurance de location de la salle,<\/li>\n<li>d&rsquo; \u00e9clairage et de chauffage,<\/li>\n<li>de publicit\u00e9.<\/li>\n<li>Elle met \u00e0 la disposition des\u00a0 exposants, des tables, des chaises et des pr\u00e9sentoirs dans la limite des stocks disponibles.<\/li>\n<\/ul>\n<p>&nbsp;<\/p>\n<p><strong>Article 4<\/strong><\/p>\n<p>Les exposants doivent eux-m\u00eames apporter et retirer leur production.<\/p>\n<p>L&rsquo; approvisionnement des stands devra se faire la veille de l&rsquo; ouverture de la foire de 9h \u00e0 19h. Le jour de l&rsquo;ouverture le matin seulement jusqu&rsquo;\u00e0 09 heures 30.<\/p>\n<p>En aucun cas l&rsquo;association n&rsquo; assurera, en l&rsquo;absence des exposants int\u00e9ress\u00e9s ou de leurs repr\u00e9sentants, la r\u00e9ception de leur production, son installation sur les stands, ni en fin de foire son remballage et sa r\u00e9exp\u00e9dition.<\/p>\n<p>LE NON RESPECT DE TOUT OU PARTIE DE CET ARTICLE ENTRAINERA UN SURCO\u00dbT DE 5% SUR LA CONTRIBUTION VERS\u00c9E A L&rsquo; ASSOCIATION.<\/p>\n<p>&nbsp;<\/p>\n<p><strong>Article 5<\/strong><\/p>\n<p>L&rsquo;association se charge de la vente. Chaque vente est notifi\u00e9e sur un bon remis obligatoirement \u00e0 la caisse permettant la ventilation des ventes.<\/p>\n<p>&nbsp;<\/p>\n<p><strong>Article 6<\/strong><\/p>\n<p>La vente est assur\u00e9e par le santonnier ou en son absence par l\u2019association.<\/p>\n<p>&nbsp;<\/p>\n<p><strong>Article 7<\/strong><\/p>\n<p>L&rsquo;encaissement est assur\u00e9 uniquement par l&rsquo;association sur pr\u00e9sentation de bons identifiant les santonniers.<\/p>\n<p>&nbsp;<\/p>\n<p><strong>Article 8<\/strong><\/p>\n<p>Il est demand\u00e9 aux exposants de pr\u00e9voir\u00a0IMP\u00c9RATIVEMENT\u00a0:<\/p>\n<ul>\n<li>la d\u00e9coration de leur stand (tissu pour recouvrir les pr\u00e9sentoirs ou les tables),<\/li>\n<li>les spots et les rallonges (compl\u00e9tant l&rsquo;\u00e9clairage principal),<\/li>\n<li>des emballages en nombre suffisant et correspondant aux pi\u00e8ces expos\u00e9es.<\/li>\n<\/ul>\n<p>&nbsp;<\/p>\n<p><strong>Article 9<\/strong><\/p>\n<p>La contribution de chaque exposant est fix\u00e9e \u00e0 18% des ventes (sauf majoration mentionn\u00e9e dans l&rsquo;article 4).<\/p>\n<p>&nbsp;<\/p>\n<p><strong>Article 10<\/strong><\/p>\n<p>Le r\u00e8glement des ventes aux santonniers se fera sous huitaine apr\u00e8s la fin de la foire par courrier (ch\u00e8que bancaire).<\/p>\n<p>&nbsp;<\/p>\n<p><strong>Article 11<\/strong><\/p>\n<p><em><strong>La responsabilit\u00e9 de l&rsquo;association est engag\u00e9e \u00e0 partir de la veille de l&rsquo;ouverture de la foire jusqu&rsquo;au dernier jour de la foire \u00e0 21 h.<\/strong><\/em><\/p>\n<p>EN AUCUN CAS LE D\u00c9MONTAGE DES STANDS NE PEUT COMMENCER AVANT 18H30 LE DIMANCHE DE LA FERMETURE.<\/p>\n<p>&nbsp;<\/p>\n<p><strong>Article 12<\/strong><\/p>\n<p>L\u2019inventaire des ventes est r\u00e9alis\u00e9 conjointement avec l\u2019association et le santonnier. Aucune r\u00e9clamation ne pourra \u00eatre re\u00e7ue apr\u00e8s emballage et d\u00e9part des pi\u00e8ces.<\/p>\n<p>&nbsp;<\/p>\n<p><strong>Article 13<\/strong><\/p>\n<p>Les santonniers sont tenus de ne pr\u00e9senter que leur propre production sans ajouter \u00e0 la vente la production d&rsquo;un autre santonnier dont ils n&rsquo;assureraient que la revente.<\/p>\n<p>&nbsp;<\/p>\n<p><strong>Article 14<\/strong><\/p>\n<p>Les exposants sont tenus de fournir soit :<\/p>\n<ul>\n<li>pour les artisans une attestation d&rsquo;immatriculation d\u00e9livr\u00e9e par la Chambre des m\u00e9tiers dat\u00e9e de l&rsquo;ann\u00e9e en cours,<\/li>\n<li>pour les artistes libres, les appels de cotisation URSSAF et CREA du trimestre pr\u00e9c\u00e9dent.<\/li>\n<\/ul>\n<p>[\/vc_column_text][vc_empty_space][\/vc_column][\/vc_row]<\/p>\n<\/div>","protected":false},"excerpt":{"rendered":"<p>[vc_row css_animation=\u00a0\u00bb\u00a0\u00bb row_type=\u00a0\u00bbrow\u00a0\u00bb use_row_as_full_screen_section=\u00a0\u00bbno\u00a0\u00bb type=\u00a0\u00bbfull_width\u00a0\u00bb angled_section=\u00a0\u00bbno\u00a0\u00bb text_align=\u00a0\u00bbleft\u00a0\u00bb background_image_as_pattern=\u00a0\u00bbwithout_pattern\u00a0\u00bb][vc_column][vc_column_text] L&rsquo;entr\u00e9e de la Foire aux Santons de Champtercier est libre et gratuite, les membres de l&rsquo;association Champterroir et son Pr\u00e9sident seront heureux de vous accueillir pour ces quelques jours de f\u00eate en Haut Pays Proven\u00e7al&#8230; &nbsp; Si&#8230;<\/p>\n","protected":false},"author":1,"featured_media":0,"parent":319,"menu_order":0,"comment_status":"closed","ping_status":"closed","template":"","meta":{"footnotes":""},"_links":{"self":[{"href":"https:\/\/champterroir.fr\/index.php?rest_route=\/wp\/v2\/pages\/12"}],"collection":[{"href":"https:\/\/champterroir.fr\/index.php?rest_route=\/wp\/v2\/pages"}],"about":[{"href":"https:\/\/champterroir.fr\/index.php?rest_route=\/wp\/v2\/types\/page"}],"author":[{"embeddable":true,"href":"https:\/\/champterroir.fr\/index.php?rest_route=\/wp\/v2\/users\/1"}],"replies":[{"embeddable":true,"href":"https:\/\/champterroir.fr\/index.php?rest_route=%2Fwp%2Fv2%2Fcomments&post=12"}],"version-history":[{"count":18,"href":"https:\/\/champterroir.fr\/index.php?rest_route=\/wp\/v2\/pages\/12\/revisions"}],"predecessor-version":[{"id":369,"href":"https:\/\/champterroir.fr\/index.php?rest_route=\/wp\/v2\/pages\/12\/revisions\/369"}],"up":[{"embeddable":true,"href":"https:\/\/champterroir.fr\/index.php?rest_route=\/wp\/v2\/pages\/319"}],"wp:attachment":[{"href":"https:\/\/champterroir.fr\/index.php?rest_route=%2Fwp%2Fv2%2Fmedia&parent=12"}],"curies":[{"name":"wp","href":"https:\/\/api.w.org\/{rel}","templated":true}]}}